{"id":2180,"date":"2019-09-08T05:52:40","date_gmt":"2019-09-08T05:52:40","guid":{"rendered":"https:\/\/www.syst.com.co\/web\/?page_id=2180"},"modified":"2025-06-04T16:41:13","modified_gmt":"2025-06-04T16:41:13","slug":"nosotros","status":"publish","type":"page","link":"https:\/\/syst.com.co\/web\/?page_id=2180","title":{"rendered":"Nosotros"},"content":{"rendered":"\t\t<div data-elementor-type=\"wp-page\" data-elementor-id=\"2180\" class=\"elementor elementor-2180\" data-elementor-settings=\"[]\">\n\t\t\t\t\t\t<div class=\"elementor-inner\">\n\t\t\t\t\t\t\t<div class=\"elementor-section-wrap\">\n\t\t\t\t\t\t\t<section class=\"elementor-section elementor-top-section elementor-element elementor-element-546220c elementor-section-boxed elementor-section-height-default elementor-section-height-default\" data-id=\"546220c\" data-element_type=\"section\">\n\t\t\t\t\t\t<div class=\"elementor-container elementor-column-gap-default\">\n\t\t\t\t\t\t\t<div class=\"elementor-row\">\n\t\t\t\t\t<div class=\"elementor-column elementor-col-100 elementor-top-column elementor-element elementor-element-d238f05\" data-id=\"d238f05\" data-element_type=\"column\">\n\t\t\t<div class=\"elementor-column-wrap elementor-element-populated\">\n\t\t\t\t\t\t\t<div class=\"elementor-widget-wrap\">\n\t\t\t\t\t\t<div class=\"elementor-element elementor-element-8050cc1 elementor-widget elementor-widget-elementskit-heading\" data-id=\"8050cc1\" data-element_type=\"widget\" data-widget_type=\"elementskit-heading.default\">\n\t\t\t\t<div class=\"elementor-widget-container\">\n\t\t\t<div class=\"ekit-wid-con\" ><div class=\"ekit-heading elementskit-section-title-wraper text_center   ekit_heading_tablet-   ekit_heading_mobile-\"><div class=\"ekit_heading_separetor_wraper ekit_heading_elementskit-border-divider elementskit-style-long\"><div class=\"elementskit-border-divider elementskit-style-long\"><\/div><\/div><h2 class=\"ekit-heading--title elementskit-section-title \">\n\t\t\t\t\t  SUMINISTROS Y SERVICIOS T\u00c9CNICOS S.A.S\n\t\t\t\t<\/h2><\/div><\/div>\t\t<\/div>\n\t\t\t\t<\/div>\n\t\t\t\t<section class=\"elementor-section elementor-inner-section elementor-element elementor-element-379dffd elementor-section-boxed elementor-section-height-default elementor-section-height-default\" data-id=\"379dffd\" data-element_type=\"section\">\n\t\t\t\t\t\t<div class=\"elementor-container elementor-column-gap-default\">\n\t\t\t\t\t\t\t<div class=\"elementor-row\">\n\t\t\t\t\t<div class=\"elementor-column elementor-col-50 elementor-inner-column elementor-element elementor-element-c34cd9e\" data-id=\"c34cd9e\" data-element_type=\"column\">\n\t\t\t<div class=\"elementor-column-wrap elementor-element-populated\">\n\t\t\t\t\t\t\t<div class=\"elementor-widget-wrap\">\n\t\t\t\t\t\t<div class=\"elementor-element elementor-element-f038a8e elementor-widget elementor-widget-image\" data-id=\"f038a8e\" data-element_type=\"widget\" data-widget_type=\"image.default\">\n\t\t\t\t<div class=\"elementor-widget-container\">\n\t\t\t\t\t\t\t\t<div class=\"elementor-image\">\n\t\t\t\t\t\t\t\t\t\t\t\t<img width=\"800\" height=\"394\" src=\"https:\/\/syst.com.co\/web\/wp-content\/uploads\/2021\/11\/WhatsApp-Image-2021-11-22-at-3.26.04-PM.jpeg\" class=\"attachment-large size-large\" alt=\"\" loading=\"lazy\" srcset=\"https:\/\/syst.com.co\/web\/wp-content\/uploads\/2021\/11\/WhatsApp-Image-2021-11-22-at-3.26.04-PM.jpeg 1023w, https:\/\/syst.com.co\/web\/wp-content\/uploads\/2021\/11\/WhatsApp-Image-2021-11-22-at-3.26.04-PM-300x148.jpeg 300w, https:\/\/syst.com.co\/web\/wp-content\/uploads\/2021\/11\/WhatsApp-Image-2021-11-22-at-3.26.04-PM-768x378.jpeg 768w, https:\/\/syst.com.co\/web\/wp-content\/uploads\/2021\/11\/WhatsApp-Image-2021-11-22-at-3.26.04-PM-600x296.jpeg 600w, https:\/\/syst.com.co\/web\/wp-content\/uploads\/2021\/11\/WhatsApp-Image-2021-11-22-at-3.26.04-PM-280x138.jpeg 280w\" sizes=\"(max-width: 800px) 100vw, 800px\" \/>\t\t\t\t\t\t\t\t\t\t\t\t\t\t<\/div>\n\t\t\t\t\t\t<\/div>\n\t\t\t\t<\/div>\n\t\t\t\t<div class=\"elementor-element elementor-element-5b83e21 elementor-widget elementor-widget-text-editor\" data-id=\"5b83e21\" data-element_type=\"widget\" data-widget_type=\"text-editor.default\">\n\t\t\t\t<div class=\"elementor-widget-container\">\n\t\t\t\t\t\t\t\t<div class=\"elementor-text-editor elementor-clearfix\">\n\t\t\t\t<p>Somos la mejor opci\u00f3n para importaci\u00f3n de maquinaria y equipos especializados, contamos con una amplia red de aliados comerciales internacionales que nos permiten adquirir equipos altamente especializados de manera \u00e1gil y con precios razonables.<\/p>\t\t\t\t\t<\/div>\n\t\t\t\t\t\t<\/div>\n\t\t\t\t<\/div>\n\t\t\t\t<div class=\"elementor-element elementor-element-2e619a7 elementor-widget elementor-widget-spacer\" data-id=\"2e619a7\" data-element_type=\"widget\" data-widget_type=\"spacer.default\">\n\t\t\t\t<div class=\"elementor-widget-container\">\n\t\t\t\t\t<div class=\"elementor-spacer\">\n\t\t\t<div class=\"elementor-spacer-inner\"><\/div>\n\t\t<\/div>\n\t\t\t\t<\/div>\n\t\t\t\t<\/div>\n\t\t\t\t<div class=\"elementor-element elementor-element-19a17f2 elementor-widget elementor-widget-heading\" data-id=\"19a17f2\" data-element_type=\"widget\" data-widget_type=\"heading.default\">\n\t\t\t\t<div class=\"elementor-widget-container\">\n\t\t\t<h2 class=\"elementor-heading-title elementor-size-medium\">Misi\u00f3n<\/h2>\t\t<\/div>\n\t\t\t\t<\/div>\n\t\t\t\t<div class=\"elementor-element elementor-element-b0b29b3 elementor-widget elementor-widget-text-editor\" data-id=\"b0b29b3\" data-element_type=\"widget\" data-widget_type=\"text-editor.default\">\n\t\t\t\t<div class=\"elementor-widget-container\">\n\t\t\t\t\t\t\t\t<div class=\"elementor-text-editor elementor-clearfix\">\n\t\t\t\t<p style=\"text-align: justify;\"><span class=\"Body-C-C2\">De la mano con el desarrollo de la industria colombiana SUMINISTROS Y SERVICIOS TECNICOS SAS provee partes, repuestos, materiales industriales de dif\u00edcil consecuci\u00f3n (motores, v\u00e1lvulas, tuber\u00edas, accesorios, repuestos en general) nacionales o importados; as\u00ed mismo, ofrece servicios de instalaci\u00f3n y mantenimiento para esos productos; es una empresa de trayectoria nacional,con proyecci\u00f3n internacional, comprometida con sus clientes, sus empleados y con la comunidad en general.Contamos con un equipo de trabajo id\u00f3neo, con experiencia en el manejo de operaciones nacionales e internacionales, la asesor\u00eda t\u00e9cnica para orientar al cliente de acuerdo a sus necesidades en la selecci\u00f3n de estos elementos y la infraestructura necesaria para dicha comercializaci\u00f3n. <\/span><\/p>\t\t\t\t\t<\/div>\n\t\t\t\t\t\t<\/div>\n\t\t\t\t<\/div>\n\t\t\t\t<div class=\"elementor-element elementor-element-b04b714 elementor-widget elementor-widget-spacer\" data-id=\"b04b714\" data-element_type=\"widget\" data-widget_type=\"spacer.default\">\n\t\t\t\t<div class=\"elementor-widget-container\">\n\t\t\t\t\t<div class=\"elementor-spacer\">\n\t\t\t<div class=\"elementor-spacer-inner\"><\/div>\n\t\t<\/div>\n\t\t\t\t<\/div>\n\t\t\t\t<\/div>\n\t\t\t\t<div class=\"elementor-element elementor-element-d38937a elementor-widget elementor-widget-heading\" data-id=\"d38937a\" data-element_type=\"widget\" data-widget_type=\"heading.default\">\n\t\t\t\t<div class=\"elementor-widget-container\">\n\t\t\t<h4 class=\"elementor-heading-title elementor-size-default\">Visi\u00f3n<\/h4>\t\t<\/div>\n\t\t\t\t<\/div>\n\t\t\t\t<div class=\"elementor-element elementor-element-8ceecb1 elementor-widget elementor-widget-text-editor\" data-id=\"8ceecb1\" data-element_type=\"widget\" data-widget_type=\"text-editor.default\">\n\t\t\t\t<div class=\"elementor-widget-container\">\n\t\t\t\t\t\t\t\t<div class=\"elementor-text-editor elementor-clearfix\">\n\t\t\t\t<p class=\"Body-P\" style=\"text-align: justify;\"><span class=\"Body-C-C2\">Nuestro compromiso con el pa\u00eds, es mantener vigencia como proveedores de soluciones industriales; innovadora permanente de los servicios a prestar participando en grandes proyectos que se forjen en el pa\u00eds, buscando siempre la mejor forma de satisfacer las necesidades de las partes interesadas. <\/span><\/p>\n<p class=\"Body-P\" style=\"text-align: justify;\"><span class=\"Body-C-C2\">Suministros y servicios t\u00e9cnicos SAS, seguir\u00e1 invirtiendo en Colombia para conservar la lealtad de nuestros clientes y de esta forma contribuir al crecimiento de la industria enfocados en pol\u00edticas de eficiencia y mejoramiento continua a trav\u00e9s de nuestro sistema de calidad.<\/span><\/p>\t\t\t\t\t<\/div>\n\t\t\t\t\t\t<\/div>\n\t\t\t\t<\/div>\n\t\t\t\t\t\t<\/div>\n\t\t\t\t\t<\/div>\n\t\t<\/div>\n\t\t\t\t<div class=\"elementor-column elementor-col-50 elementor-inner-column elementor-element elementor-element-d273ca4\" data-id=\"d273ca4\" data-element_type=\"column\">\n\t\t\t<div class=\"elementor-column-wrap elementor-element-populated\">\n\t\t\t\t\t\t\t<div class=\"elementor-widget-wrap\">\n\t\t\t\t\t\t<div class=\"elementor-element elementor-element-1736198 shadow elementor-widget elementor-widget-image\" data-id=\"1736198\" data-element_type=\"widget\" data-widget_type=\"image.default\">\n\t\t\t\t<div class=\"elementor-widget-container\">\n\t\t\t\t\t\t\t\t<div class=\"elementor-image\">\n\t\t\t\t\t\t\t\t\t\t\t\t<img width=\"300\" height=\"199\" src=\"https:\/\/syst.com.co\/web\/wp-content\/uploads\/2021\/10\/pexels-barthy-bonhomme-185039-300x199.jpg\" class=\"attachment-medium size-medium\" alt=\"\" loading=\"lazy\" srcset=\"https:\/\/syst.com.co\/web\/wp-content\/uploads\/2021\/10\/pexels-barthy-bonhomme-185039-300x199.jpg 300w, https:\/\/syst.com.co\/web\/wp-content\/uploads\/2021\/10\/pexels-barthy-bonhomme-185039-1024x678.jpg 1024w, https:\/\/syst.com.co\/web\/wp-content\/uploads\/2021\/10\/pexels-barthy-bonhomme-185039-768x508.jpg 768w, https:\/\/syst.com.co\/web\/wp-content\/uploads\/2021\/10\/pexels-barthy-bonhomme-185039.jpg 1280w\" sizes=\"(max-width: 300px) 100vw, 300px\" \/>\t\t\t\t\t\t\t\t\t\t\t\t\t\t<\/div>\n\t\t\t\t\t\t<\/div>\n\t\t\t\t<\/div>\n\t\t\t\t<div class=\"elementor-element elementor-element-58db5cb elementor-widget elementor-widget-elementskit-heading\" data-id=\"58db5cb\" data-element_type=\"widget\" data-widget_type=\"elementskit-heading.default\">\n\t\t\t\t<div class=\"elementor-widget-container\">\n\t\t\t<div class=\"ekit-wid-con\" ><div class=\"ekit-heading elementskit-section-title-wraper text_left   ekit_heading_tablet-   ekit_heading_mobile-\"><h6 class=\"ekit-heading--title elementskit-section-title \">\n\t\t\t\t\tEquipos Industriales\n\t\t\t\t<\/h6>\t\t\t\t<div class='ekit-heading__description'>\n\t\t\t\t\t<p><span class=\"Body-C-C2\">Nacionales o importados; as\u00ed mismo, ofrecemos servicios de instalaci\u00f3n y mantenimiento.<\/span><\/p>\n\t\t\t\t<\/div>\n\t\t\t<\/div><\/div>\t\t<\/div>\n\t\t\t\t<\/div>\n\t\t\t\t<div class=\"elementor-element elementor-element-37deb87 elementor-widget elementor-widget-spacer\" data-id=\"37deb87\" data-element_type=\"widget\" data-widget_type=\"spacer.default\">\n\t\t\t\t<div class=\"elementor-widget-container\">\n\t\t\t\t\t<div class=\"elementor-spacer\">\n\t\t\t<div class=\"elementor-spacer-inner\"><\/div>\n\t\t<\/div>\n\t\t\t\t<\/div>\n\t\t\t\t<\/div>\n\t\t\t\t<div class=\"elementor-element elementor-element-d0cfede shadow elementor-widget elementor-widget-image\" data-id=\"d0cfede\" data-element_type=\"widget\" data-widget_type=\"image.default\">\n\t\t\t\t<div class=\"elementor-widget-container\">\n\t\t\t\t\t\t\t\t<div class=\"elementor-image\">\n\t\t\t\t\t\t\t\t\t\t\t\t<img width=\"300\" height=\"200\" src=\"https:\/\/syst.com.co\/web\/wp-content\/uploads\/2021\/10\/pexels-anamul-rezwan-11454341-300x200.jpg\" class=\"attachment-medium size-medium\" alt=\"\" loading=\"lazy\" srcset=\"https:\/\/syst.com.co\/web\/wp-content\/uploads\/2021\/10\/pexels-anamul-rezwan-11454341-300x200.jpg 300w, https:\/\/syst.com.co\/web\/wp-content\/uploads\/2021\/10\/pexels-anamul-rezwan-11454341-1024x682.jpg 1024w, https:\/\/syst.com.co\/web\/wp-content\/uploads\/2021\/10\/pexels-anamul-rezwan-11454341-768x512.jpg 768w, https:\/\/syst.com.co\/web\/wp-content\/uploads\/2021\/10\/pexels-anamul-rezwan-11454341-900x604.jpg 900w, https:\/\/syst.com.co\/web\/wp-content\/uploads\/2021\/10\/pexels-anamul-rezwan-11454341.jpg 1280w\" sizes=\"(max-width: 300px) 100vw, 300px\" \/>\t\t\t\t\t\t\t\t\t\t\t\t\t\t<\/div>\n\t\t\t\t\t\t<\/div>\n\t\t\t\t<\/div>\n\t\t\t\t<div class=\"elementor-element elementor-element-9f37de8 elementor-widget elementor-widget-elementskit-heading\" data-id=\"9f37de8\" data-element_type=\"widget\" data-widget_type=\"elementskit-heading.default\">\n\t\t\t\t<div class=\"elementor-widget-container\">\n\t\t\t<div class=\"ekit-wid-con\" ><div class=\"ekit-heading elementskit-section-title-wraper text_left   ekit_heading_tablet-   ekit_heading_mobile-\"><h6 class=\"ekit-heading--title elementskit-section-title \">\n\t\t\t\t\tAsesor\u00eda t\u00e9cnica\n\t\t\t\t<\/h6>\t\t\t\t<div class='ekit-heading__description'>\n\t\t\t\t\t<p>para orientar al cliente de acuerdo a sus necesidades en la selecci\u00f3n de estos elementos y la infraestructura necesaria para dicha comercializaci\u00f3n.<\/p>\n\t\t\t\t<\/div>\n\t\t\t<\/div><\/div>\t\t<\/div>\n\t\t\t\t<\/div>\n\t\t\t\t<div class=\"elementor-element elementor-element-28216d3 elementor-widget elementor-widget-spacer\" data-id=\"28216d3\" data-element_type=\"widget\" data-widget_type=\"spacer.default\">\n\t\t\t\t<div class=\"elementor-widget-container\">\n\t\t\t\t\t<div class=\"elementor-spacer\">\n\t\t\t<div class=\"elementor-spacer-inner\"><\/div>\n\t\t<\/div>\n\t\t\t\t<\/div>\n\t\t\t\t<\/div>\n\t\t\t\t<div class=\"elementor-element elementor-element-b1a1639 shadow elementor-widget elementor-widget-image\" data-id=\"b1a1639\" data-element_type=\"widget\" data-widget_type=\"image.default\">\n\t\t\t\t<div class=\"elementor-widget-container\">\n\t\t\t\t\t\t\t\t<div class=\"elementor-image\">\n\t\t\t\t\t\t\t\t\t\t\t\t<img width=\"300\" height=\"200\" src=\"https:\/\/syst.com.co\/web\/wp-content\/uploads\/2021\/10\/pexels-kateryna-babaieva-27602411-300x200.jpg\" class=\"attachment-medium size-medium\" alt=\"\" loading=\"lazy\" srcset=\"https:\/\/syst.com.co\/web\/wp-content\/uploads\/2021\/10\/pexels-kateryna-babaieva-27602411-300x200.jpg 300w, https:\/\/syst.com.co\/web\/wp-content\/uploads\/2021\/10\/pexels-kateryna-babaieva-27602411-1024x682.jpg 1024w, https:\/\/syst.com.co\/web\/wp-content\/uploads\/2021\/10\/pexels-kateryna-babaieva-27602411-768x512.jpg 768w, https:\/\/syst.com.co\/web\/wp-content\/uploads\/2021\/10\/pexels-kateryna-babaieva-27602411-900x604.jpg 900w, https:\/\/syst.com.co\/web\/wp-content\/uploads\/2021\/10\/pexels-kateryna-babaieva-27602411.jpg 1280w\" sizes=\"(max-width: 300px) 100vw, 300px\" \/>\t\t\t\t\t\t\t\t\t\t\t\t\t\t<\/div>\n\t\t\t\t\t\t<\/div>\n\t\t\t\t<\/div>\n\t\t\t\t<div class=\"elementor-element elementor-element-a207b8f elementor-widget elementor-widget-elementskit-heading\" data-id=\"a207b8f\" data-element_type=\"widget\" data-widget_type=\"elementskit-heading.default\">\n\t\t\t\t<div class=\"elementor-widget-container\">\n\t\t\t<div class=\"ekit-wid-con\" ><div class=\"ekit-heading elementskit-section-title-wraper text_left   ekit_heading_tablet-   ekit_heading_mobile-\"><h6 class=\"ekit-heading--title elementskit-section-title \">\n\t\t\t\t\tEn pocas palabras\n\t\t\t\t<\/h6>\t\t\t\t<div class='ekit-heading__description'>\n\t\t\t\t\t<p>Somos su aliado estrat\u00e9gico en el cual puede confiar los requerimientos de su empresa.<\/p>\n\t\t\t\t<\/div>\n\t\t\t<\/div><\/div>\t\t<\/div>\n\t\t\t\t<\/div>\n\t\t\t\t\t\t<\/div>\n\t\t\t\t\t<\/div>\n\t\t<\/div>\n\t\t\t\t\t\t\t\t<\/div>\n\t\t\t\t\t<\/div>\n\t\t<\/section>\n\t\t\t\t\t\t<\/div>\n\t\t\t\t\t<\/div>\n\t\t<\/div>\n\t\t\t\t\t\t\t\t<\/div>\n\t\t\t\t\t<\/div>\n\t\t<\/section>\n\t\t\t\t<section class=\"elementor-section elementor-top-section elementor-element elementor-element-c96fd32 cta elementor-section-boxed elementor-section-height-default elementor-section-height-default\" data-id=\"c96fd32\" data-element_type=\"section\">\n\t\t\t\t\t\t<div class=\"elementor-container elementor-column-gap-default\">\n\t\t\t\t\t\t\t<div class=\"elementor-row\">\n\t\t\t\t\t<div class=\"elementor-column elementor-col-100 elementor-top-column elementor-element elementor-element-882a1f7\" data-id=\"882a1f7\" data-element_type=\"column\" data-settings=\"{&quot;background_background&quot;:&quot;classic&quot;}\">\n\t\t\t<div class=\"elementor-column-wrap elementor-element-populated\">\n\t\t\t\t\t<div class=\"elementor-background-overlay\"><\/div>\n\t\t\t\t\t\t\t<div class=\"elementor-widget-wrap\">\n\t\t\t\t\t\t<section class=\"elementor-section elementor-inner-section elementor-element elementor-element-e0c2b94 elementor-section-boxed elementor-section-height-default elementor-section-height-default\" data-id=\"e0c2b94\" data-element_type=\"section\">\n\t\t\t\t\t\t<div class=\"elementor-container elementor-column-gap-default\">\n\t\t\t\t\t\t\t<div class=\"elementor-row\">\n\t\t\t\t\t<div class=\"elementor-column elementor-col-50 elementor-inner-column elementor-element elementor-element-061ad4d\" data-id=\"061ad4d\" data-element_type=\"column\">\n\t\t\t<div class=\"elementor-column-wrap elementor-element-populated\">\n\t\t\t\t\t\t\t<div class=\"elementor-widget-wrap\">\n\t\t\t\t\t\t<div class=\"elementor-element elementor-element-213d6b8 elementor-widget elementor-widget-text-editor\" data-id=\"213d6b8\" data-element_type=\"widget\" data-widget_type=\"text-editor.default\">\n\t\t\t\t<div class=\"elementor-widget-container\">\n\t\t\t\t\t\t\t\t<div class=\"elementor-text-editor elementor-clearfix\">\n\t\t\t\t<p><strong style=\"color: #fff;\">Deseas conocer m\u00e1s\u00a0 de nuestra compa\u00f1\u00eda?<\/strong> Dale un vistazo a nuestro portafolio&#8230;<\/p>\t\t\t\t\t<\/div>\n\t\t\t\t\t\t<\/div>\n\t\t\t\t<\/div>\n\t\t\t\t\t\t<\/div>\n\t\t\t\t\t<\/div>\n\t\t<\/div>\n\t\t\t\t<div class=\"elementor-column elementor-col-50 elementor-inner-column elementor-element elementor-element-224f000\" data-id=\"224f000\" data-element_type=\"column\">\n\t\t\t<div class=\"elementor-column-wrap elementor-element-populated\">\n\t\t\t\t\t\t\t<div class=\"elementor-widget-wrap\">\n\t\t\t\t\t\t<div class=\"elementor-element elementor-element-51cb5ea elementor-widget elementor-widget-elementskit-button\" data-id=\"51cb5ea\" data-element_type=\"widget\" data-widget_type=\"elementskit-button.default\">\n\t\t\t\t<div class=\"elementor-widget-container\">\n\t\t\t<div class=\"ekit-wid-con\" >\t\t<div class=\"ekit-btn-wraper\">\n\t\t\t\t\t\t\t<a href=\"https:\/\/www.syst.com.co\/web\/wp-content\/uploads\/2024\/05\/BROCHURE-SYST-SAS.pdf\" target=\"_blank\" class=\"elementskit-btn  whitespace--normal\" >\n\t\t\t\t\t\n\t\t\t\t\t\n\t\t\t\t\tdescargar  portafolio\t\t\t\t<\/a>\n\t\t\t\t\t\t<\/div>\n        <\/div>\t\t<\/div>\n\t\t\t\t<\/div>\n\t\t\t\t\t\t<\/div>\n\t\t\t\t\t<\/div>\n\t\t<\/div>\n\t\t\t\t\t\t\t\t<\/div>\n\t\t\t\t\t<\/div>\n\t\t<\/section>\n\t\t\t\t\t\t<\/div>\n\t\t\t\t\t<\/div>\n\t\t<\/div>\n\t\t\t\t\t\t\t\t<\/div>\n\t\t\t\t\t<\/div>\n\t\t<\/section>\n\t\t\t\t<section class=\"elementor-section elementor-inner-section elementor-element elementor-element-afc5395 elementor-section-content-middle mobile-left elementor-section-boxed elementor-section-height-default elementor-section-height-default\" data-id=\"afc5395\" data-element_type=\"section\">\n\t\t\t\t\t\t<div class=\"elementor-container elementor-column-gap-no\">\n\t\t\t\t\t\t\t<div class=\"elementor-row\">\n\t\t\t\t\t<div class=\"elementor-column elementor-col-50 elementor-inner-column elementor-element elementor-element-adf2d34\" data-id=\"adf2d34\" data-element_type=\"column\">\n\t\t\t<div class=\"elementor-column-wrap elementor-element-populated\">\n\t\t\t\t\t\t\t<div class=\"elementor-widget-wrap\">\n\t\t\t\t\t\t<div class=\"elementor-element elementor-element-8f3e231 elementor-widget elementor-widget-elementskit-heading\" data-id=\"8f3e231\" data-element_type=\"widget\" data-widget_type=\"elementskit-heading.default\">\n\t\t\t\t<div class=\"elementor-widget-container\">\n\t\t\t<div class=\"ekit-wid-con\" ><div class=\"ekit-heading elementskit-section-title-wraper text_right   ekit_heading_tablet-   ekit_heading_mobile-\"><h2 class=\"ekit-heading--title elementskit-section-title \">\n\t\t\t\t\tDEPARTAMENTO DE IMPORTACI\u00d3N\n\t\t\t\t<\/h2><div class=\"ekit_heading_separetor_wraper ekit_heading_elementskit-border-divider elementskit-style-long\"><div class=\"elementskit-border-divider elementskit-style-long\"><\/div><\/div><\/div><\/div>\t\t<\/div>\n\t\t\t\t<\/div>\n\t\t\t\t\t\t<\/div>\n\t\t\t\t\t<\/div>\n\t\t<\/div>\n\t\t\t\t<div class=\"elementor-column elementor-col-50 elementor-inner-column elementor-element elementor-element-e3dfbd8\" data-id=\"e3dfbd8\" data-element_type=\"column\">\n\t\t\t<div class=\"elementor-column-wrap elementor-element-populated\">\n\t\t\t\t\t\t\t<div class=\"elementor-widget-wrap\">\n\t\t\t\t\t\t<div class=\"elementor-element elementor-element-89943fc elementor-widget elementor-widget-elementskit-heading\" data-id=\"89943fc\" data-element_type=\"widget\" data-widget_type=\"elementskit-heading.default\">\n\t\t\t\t<div class=\"elementor-widget-container\">\n\t\t\t<div class=\"ekit-wid-con\" ><div class=\"ekit-heading elementskit-section-title-wraper text_left   ekit_heading_tablet-   ekit_heading_mobile-\">\t\t\t\t<div class='ekit-heading__description'>\n\t\t\t\t\t<p><span class=\"Body-C-C2\">Contamos con un departamento log\u00edstico que nos permite encontrar en el mercado internacional la mejor opci\u00f3n para importar sus productos, en \u00f3ptimas condiciones, al menor costo y en el menor tiempo posible; esta y muchas razones m\u00e1s nos convierte en un aliado estrat\u00e9gico en el cual puede confiar los requerimientos de su empresa.<\/span><\/p>\n\t\t\t\t<\/div>\n\t\t\t<\/div><\/div>\t\t<\/div>\n\t\t\t\t<\/div>\n\t\t\t\t\t\t<\/div>\n\t\t\t\t\t<\/div>\n\t\t<\/div>\n\t\t\t\t\t\t\t\t<\/div>\n\t\t\t\t\t<\/div>\n\t\t<\/section>\n\t\t\t\t\t\t<\/div>\n\t\t\t\t\t\t<\/div>\n\t\t\t\t\t<\/div>\n\t\t<div class=\"nectar-social fixed\" data-position=\"\" data-color-override=\"override\"><a href=\"#\"><i class=\"icon-default-style steadysets-icon-share\"><\/i><\/a><div class=\"nectar-social-inner\"><a class='linkedin-share nectar-sharing' href='#' title='Share this'> <i class='fa fa-linkedin'><\/i> <span class='social-text'>Share<\/span> <\/a><\/div><\/div>","protected":false},"excerpt":{"rendered":"<p>SUMINISTROS Y SERVICIOS T\u00c9CNICOS S.A.S Somos la mejor opci\u00f3n para importaci\u00f3n de maquinaria y equipos especializados, contamos con una amplia red de aliados comerciales internacionales que nos permiten adquirir equipos altamente especializados de manera \u00e1gil y con precios razonables. Misi\u00f3n De la mano con el desarrollo de la industria colombiana SUMINISTROS Y SERVICIOS TECNICOS SAS [&hellip;]<\/p>\n","protected":false},"author":1,"featured_media":0,"parent":0,"menu_order":0,"comment_status":"closed","ping_status":"closed","template":"template\/full-width-template.php","meta":[],"_links":{"self":[{"href":"https:\/\/syst.com.co\/web\/index.php?rest_route=\/wp\/v2\/pages\/2180"}],"collection":[{"href":"https:\/\/syst.com.co\/web\/index.php?rest_route=\/wp\/v2\/pages"}],"about":[{"href":"https:\/\/syst.com.co\/web\/index.php?rest_route=\/wp\/v2\/types\/page"}],"author":[{"embeddable":true,"href":"https:\/\/syst.com.co\/web\/index.php?rest_route=\/wp\/v2\/users\/1"}],"replies":[{"embeddable":true,"href":"https:\/\/syst.com.co\/web\/index.php?rest_route=%2Fwp%2Fv2%2Fcomments&post=2180"}],"version-history":[{"count":125,"href":"https:\/\/syst.com.co\/web\/index.php?rest_route=\/wp\/v2\/pages\/2180\/revisions"}],"predecessor-version":[{"id":8104,"href":"https:\/\/syst.com.co\/web\/index.php?rest_route=\/wp\/v2\/pages\/2180\/revisions\/8104"}],"wp:attachment":[{"href":"https:\/\/syst.com.co\/web\/index.php?rest_route=%2Fwp%2Fv2%2Fmedia&parent=2180"}],"curies":[{"name":"wp","href":"https:\/\/api.w.org\/{rel}","templated":true}]}}